{"id":156,"date":"2013-01-17T09:23:48","date_gmt":"2013-01-17T09:23:48","guid":{"rendered":"http:\/\/liuteriatonewood.com\/wp\/?page_id=156"},"modified":"2013-03-05T07:51:35","modified_gmt":"2013-03-05T07:51:35","slug":"contact-us","status":"publish","type":"page","link":"https:\/\/liuteriatonewood.com\/?page_id=156","title":{"rendered":"Contact Us"},"content":{"rendered":"<div class=\"page-restrict-output\"><style type=\"text\/css\"><!--\n.tekst { \tfont-family: \"Lucida Console\", Monaco, monospace;  font-size: 12px; }  .tekst2 { \tfont-family: \"Lucida Console\", Monaco, monospace;  font-size: 10px; }  .naslov { \tfont-family: \"Lucida Console\", Monaco, monospace;  font-size: 14px; }\n--><\/style>\n<table width=\"740\" border=\"0\">\n<tbody>\n<tr>\n<td valign=\"top\"><span class=\"naslov\" style=\"color: #b99c70;\">Company Address<\/span><br \/>\n<span class=\"tekst\"> Andona d.o.o<\/span><br \/>\n<span class=\"tekst\"> Novo Selo bb<\/span><br \/>\n<span class=\"tekst\"> 44202 Topolovac<\/span><br \/>\n<span class=\"tekst\"> Croatia<\/span><\/td>\n<td valign=\"top\"><span class=\"naslov\" style=\"color: #b99c70;\">Office<\/span><br \/>\n<span class=\"tekst\"> Owner: Toni Brajdi\u0107<\/span><br \/>\n<span class=\"tekst\"> Sales: Gordon Bistri\u010dki<\/span><\/td>\n<td valign=\"top\"><span class=\"naslov\" style=\"color: #b99c70;\">Phone<\/span><br \/>\n<span class=\"tekst\"> 00385 95 353 0000<\/span><br \/>\n<span class=\"tekst\"> 00385 95 383 0000<\/span><br \/>\n<span class=\"tekst\"> fax: 00385 44 777127<\/span><br \/>\n<span class=\"tekst\"> phone: 00385 44 776904<\/span><\/td>\n<td valign=\"top\"><span class=\"naslov\" style=\"color: #b99c70;\">E-Mail<\/span><br \/>\n<span class=\"tekst\"> toni@andonamusic.com<\/span><br \/>\n<span class=\"tekst\"> adriana@andonamusic.com<\/span><br \/>\n<span class=\"tekst\"> info@andonamusic.com<\/span><\/td>\n<\/tr>\n<\/tbody>\n<\/table>\n<table class=\" aligncenter\" width=\"750px\" border=\"0\">\n<tbody>\n<tr>\n<td valign=\"middle\" width=\"260px\"><iframe loading=\"lazy\" src=\"https:\/\/maps.google.hr\/maps\/ms?msid=204226185859089992353.0004d3790d66b8b7bb8cf&amp;msa=0&amp;ie=UTF8&amp;t=m&amp;ll=45.494074,16.45237&amp;spn=0.084232,0.240326&amp;z=12&amp;output=embed\" height=\"285\" width=\"250\" frameborder=\"0\" marginwidth=\"0\" marginheight=\"0\" scrolling=\"no\"><\/iframe><\/td>\n<td style=\"text-align: center;\" valign=\"middle\" width=\"490px\">\n<div class=\"wpcf7 no-js\" id=\"wpcf7-f291-o1\" lang=\"\" dir=\"ltr\" data-wpcf7-id=\"291\">\n<div class=\"screen-reader-response\"><p role=\"status\" aria-live=\"polite\" aria-atomic=\"true\"><\/p> <ul><\/ul><\/div>\n<form action=\"\/index.php?rest_route=%2Fwp%2Fv2%2Fpages%2F156#wpcf7-f291-o1\" method=\"post\" class=\"wpcf7-form init\" aria-label=\"Kontakt obrazac\" novalidate=\"novalidate\" data-status=\"init\">\n<fieldset class=\"hidden-fields-container\"><input type=\"hidden\" name=\"_wpcf7\" value=\"291\" \/><input type=\"hidden\" name=\"_wpcf7_version\" value=\"6.1.5\" \/><input type=\"hidden\" name=\"_wpcf7_locale\" value=\"\" \/><input type=\"hidden\" name=\"_wpcf7_unit_tag\" value=\"wpcf7-f291-o1\" \/><input type=\"hidden\" name=\"_wpcf7_container_post\" value=\"0\" \/><input type=\"hidden\" name=\"_wpcf7_posted_data_hash\" value=\"\" \/>\n<\/fieldset>\n<ul>\n\t<li>\n\t\t<p><span class=\"wpcf7-form-control-wrap\" data-name=\"fname\"><input size=\"40\" maxlength=\"400\" class=\"wpcf7-form-control wpcf7-text wpcf7-validates-as-required smallinput\" aria-required=\"true\" aria-invalid=\"false\" placeholder=\"Your Name\" value=\"\" type=\"text\" name=\"fname\" \/><\/span><span class=\"wpcf7-form-control-wrap\" data-name=\"email\"><input size=\"40\" maxlength=\"400\" class=\"wpcf7-form-control wpcf7-text wpcf7-validates-as-required smallinput\" aria-required=\"true\" aria-invalid=\"false\" placeholder=\"Your Email Address\" value=\"\" type=\"text\" name=\"email\" \/><\/span>\n\t\t<\/p>\n\t<\/li>\n<\/ul>\n<ul>\n\t<li>\n\t\t<p><span class=\"wpcf7-form-control-wrap\" data-name=\"subject\"><input size=\"40\" maxlength=\"400\" class=\"wpcf7-form-control wpcf7-text subjectinput\" aria-invalid=\"false\" placeholder=\"Subject Here Please\" value=\"\" type=\"text\" name=\"subject\" \/><\/span>\n\t\t<\/p>\n\t<\/li>\n<\/ul>\n<ul>\n\t<li>\n\t\t<p><span class=\"wpcf7-form-control-wrap\" data-name=\"message\"><textarea cols=\"50\" rows=\"8\" maxlength=\"2000\" class=\"wpcf7-form-control wpcf7-textarea wpcf7-validates-as-required messageinput\" aria-required=\"true\" aria-invalid=\"false\" placeholder=\"Your Message\" name=\"message\"><\/textarea><\/span>\n\t\t<\/p>\n\t<\/li>\n<\/ul>\n<ul>\n\t<li>\n\t\t<p><input class=\"wpcf7-form-control wpcf7-submit has-spinner btnsend\" type=\"submit\" value=\"Po\u0161alji\" \/>\n\t\t<\/p>\n\t<\/li>\n<\/ul><div class=\"wpcf7-response-output\" aria-hidden=\"true\"><\/div>\n<\/form>\n<\/div>\n<\/td>\n<\/tr>\n<\/tbody>\n<\/table>\n<table class=\" aligncenter\" width=\"700\" border=\"0\">\n<tbody>\n<tr>\n<td><span class=\"tekst2\">OIB: 28842255527 ; Upisana u Trgova\u010dki sud u Zagrebu (MBS:080005000) ; Zagreba\u010dka banka d.d. Zagreb: IBAN: HR3623600001101794398 ; \u017diro ra\u010dun: 2360000-1101794398 ; PBZ Zagreb: IBAN: HR23400091110238919 ; \u017diro ra\u010dun: 2340009-1110238919 ; Temeljni kapital: 20000,00 kn ; Osoba ovla\u0161tena za zastupanje: Toni Brajdi\u0107 &#8211; direktor, zastupa dru\u0161tvo pojedina\u010dno i samostalno <\/span><\/td>\n<\/tr>\n<\/tbody>\n<\/table>\n<\/div>","protected":false},"excerpt":{"rendered":"<div class=\"page-restrict-output\"><p>Company Address Andona d.o.o Novo Selo bb 44202 Topolovac Croatia Office Owner: Toni Brajdi\u0107 Sales: Gordon Bistri\u010dki Phone 00385 95 353 0000 00385 95 383 0000 fax: 00385 44 777127 phone: 00385 44 776904 E-Mail toni@andonamusic.com adriana@andonamusic.com info@andonamusic.com OIB: 28842255527 ; Upisana u Trgova\u010dki sud u Zagrebu (MBS:080005000) ; Zagreba\u010dka banka d.d. Zagreb: IBAN: HR3623600001101794398<a class=\"rmore\" href=\"https:\/\/liuteriatonewood.com\/?page_id=156\">&nbsp;&nbsp; Read More &#8230;<\/a><\/p>\n<\/div>","protected":false},"author":1,"featured_media":0,"parent":0,"menu_order":0,"comment_status":"open","ping_status":"closed","template":"fullpage.php","meta":{"footnotes":""},"class_list":["post-156","page","type-page","status-publish","hentry"],"_links":{"self":[{"href":"https:\/\/liuteriatonewood.com\/index.php?rest_route=\/wp\/v2\/pages\/156"}],"collection":[{"href":"https:\/\/liuteriatonewood.com\/index.php?rest_route=\/wp\/v2\/pages"}],"about":[{"href":"https:\/\/liuteriatonewood.com\/index.php?rest_route=\/wp\/v2\/types\/page"}],"author":[{"embeddable":true,"href":"https:\/\/liuteriatonewood.com\/index.php?rest_route=\/wp\/v2\/users\/1"}],"replies":[{"embeddable":true,"href":"https:\/\/liuteriatonewood.com\/index.php?rest_route=%2Fwp%2Fv2%2Fcomments&post=156"}],"version-history":[{"count":37,"href":"https:\/\/liuteriatonewood.com\/index.php?rest_route=\/wp\/v2\/pages\/156\/revisions"}],"predecessor-version":[{"id":292,"href":"https:\/\/liuteriatonewood.com\/index.php?rest_route=\/wp\/v2\/pages\/156\/revisions\/292"}],"wp:attachment":[{"href":"https:\/\/liuteriatonewood.com\/index.php?rest_route=%2Fwp%2Fv2%2Fmedia&parent=156"}],"curies":[{"name":"wp","href":"https:\/\/api.w.org\/{rel}","templated":true}]}}